{"id":3714,"date":"2014-04-28T15:43:06","date_gmt":"2014-04-28T14:43:06","guid":{"rendered":"http:\/\/terrauna.pt\/nossos-cavalos\/?lang=fr"},"modified":"2016-04-18T00:16:19","modified_gmt":"2016-04-17T23:16:19","slug":"nossos-cavalos","status":"publish","type":"page","link":"https:\/\/terrauna.pt\/fr\/nossos-cavalos\/","title":{"rendered":"NOS CHEVAUX"},"content":{"rendered":"<div id='full_slider_1'  class='avia-fullwidth-slider main_color avia-shadow   avia-builder-el-0  el_before_av_one_full  avia-builder-el-first   container_wrap sidebar_right'  ><div   data-size='featured_large'  data-lightbox_size='large'  data-animation='slide_up'  data-conditional_play=''  data-ids='3592'  data-video_counter='0'  data-autoplay='true'  data-bg_slider='false'  data-slide_height=''  data-handle='av_slideshow_full'  data-interval='3'  data-class=' '  data-el_id=''  data-css_id=''  data-scroll_down=''  data-control_layout='av-control-default'  data-custom_markup=''  data-perma_caption=''  data-autoplay_stopper=''  data-image_attachment=''  data-min_height='0px'  data-lazy_loading='disabled'  data-src=''  data-position='top left'  data-repeat='no-repeat'  data-attach='scroll'  data-stretch=''  data-default-height='42'  class='avia-slideshow avia-slideshow-1  av-control-default av-default-height-applied avia-slideshow-featured_large av_slideshow_full   avia-slide_up-slider '  itemprop=\"image\" itemscope=\"itemscope\" itemtype=\"https:\/\/schema.org\/ImageObject\" ><ul class='avia-slideshow-inner ' style='padding-bottom: 42%;' ><li  class=' av-single-slide slide-1 ' ><div data-rel='slideshow-1' class='avia-slide-wrap '   ><img decoding=\"async\" class=\"wp-image-3592 avia-img-lazy-loading-not-3592\"  src=\"https:\/\/terrauna.pt\/wp-content\/uploads\/2014\/04\/3-Cavalos-Terra-Una3.png\" width=\"1500\" height=\"630\" title='3 - Cavalos Terra Una3' alt=''  itemprop=\"thumbnailUrl\" srcset=\"https:\/\/terrauna.pt\/wp-content\/uploads\/2014\/04\/3-Cavalos-Terra-Una3.png 1500w, https:\/\/terrauna.pt\/wp-content\/uploads\/2014\/04\/3-Cavalos-Terra-Una3-450x189.png 450w, https:\/\/terrauna.pt\/wp-content\/uploads\/2014\/04\/3-Cavalos-Terra-Una3-300x126.png 300w, https:\/\/terrauna.pt\/wp-content\/uploads\/2014\/04\/3-Cavalos-Terra-Una3-1030x433.png 1030w, https:\/\/terrauna.pt\/wp-content\/uploads\/2014\/04\/3-Cavalos-Terra-Una3-705x296.png 705w\" sizes=\"(max-width: 1500px) 100vw, 1500px\" \/><\/div><\/li><\/ul><\/div><\/div><div id='after_full_slider_1'  class='main_color av_default_container_wrap container_wrap sidebar_right'  ><div class='container av-section-cont-open' ><div class='template-page content  av-content-small alpha units'><div class='post-entry post-entry-type-page post-entry-3714'><div class='entry-content-wrapper clearfix'>\n\n<style type=\"text\/css\" data-created_by=\"avia_inline_auto\" id=\"style-css-av-av_one_full-352b07ef7d3bc99b2e9f92e7a9e06bdb\">\n.flex_column.av-av_one_full-352b07ef7d3bc99b2e9f92e7a9e06bdb{\nborder-radius:0px 0px 0px 0px;\n-webkit-border-radius:0px 0px 0px 0px;\n-moz-border-radius:0px 0px 0px 0px;\n}\n<\/style>\n<div class='flex_column av-av_one_full-352b07ef7d3bc99b2e9f92e7a9e06bdb av_one_full  avia-builder-el-1  el_after_av_slideshow_full  avia-builder-el-no-sibling  first flex_column_div av-zero-column-padding '   ><p>\n<style type=\"text\/css\" data-created_by=\"avia_inline_auto\" id=\"style-css-av-av_heading-1b16150ebc733f7192d07ba4f6902138\">\n#top .av-special-heading.av-av_heading-1b16150ebc733f7192d07ba4f6902138{\npadding-bottom:10px;\n}\n<\/style>\n<div  class='av-special-heading av-av_heading-1b16150ebc733f7192d07ba4f6902138 av-special-heading-h1 blockquote modern-quote modern-centered  avia-builder-el-2  el_before_av_textblock  avia-builder-el-first  '><h1 class='av-special-heading-tag '  itemprop=\"headline\"  >Chevaux Terra Una<\/h1><div class='special-heading-border'><div class='special-heading-inner-border'><\/div><\/div><\/div><br \/>\n<section class=\"av_textblock_section \"  itemscope=\"itemscope\" itemtype=\"https:\/\/schema.org\/CreativeWork\" ><div class='avia_textblock  '   itemprop=\"text\" ><p>Nos chevaux sont tous des purs-sangs Lusitaniens, dont la puret\u00e9 est certifi\u00e9e par le livre g\u00e9n\u00e9alogique des races \u00e9quines portugaises. Les chevaux \u00ab\u00a0Terra Una\u00a0\u00bb proviennent de deux lign\u00e9es principales\u00a0: Alter Real et Andrade. Nous avons s\u00e9lectionn\u00e9\u00a0dans chacune d\u2019elles les exemplaires qui par leur comportement et g\u00e9n\u00e9alogie nous ont donn\u00e9 l\u2019assurance de leur docilit\u00e9 et tranquillit\u00e9 au cours d\u2019un processus qui a dur\u00e9 plusieurs ann\u00e9es.\u00a0 Nous privil\u00e9gions une hauteur de cheval pas tr\u00e8s \u00e9lev\u00e9e \u2013 entre 1,50 m et 1,60 m au garrot -, celle-ci \u00e9tant l\u2019option la plus indiqu\u00e9e pour les randonn\u00e9es. Les animaux sont dix, au total, compos\u00e9s pour moiti\u00e9 de femelles et pour moiti\u00e9 de m\u00e2les castr\u00e9s si on exclut le futur \u00e9talon. Notre ferme compte d\u00e9j\u00e0 deux exemplaires qui y ont vu le jour en 2014\u00a0: un poulain et une pouliche &#8211; Jasmim et J\u00f3ia -, tous deux issus de deux juments Alter Real. Le poulain Jasmim est en cours d\u2019\u00e9levage afin d\u2019obtenir la fonction d\u2019\u00e9talon aupr\u00e8s du Haras Terra Una.<\/p>\n<p style=\"text-align: center;\"><a href=\"http:\/\/terrauna.pt\/wp-content\/uploads\/2014\/04\/Haras-Terra-Una.jpg\"><img loading=\"lazy\" decoding=\"async\" class=\"alignnone size-square wp-image-4205\" src=\"http:\/\/terrauna.pt\/wp-content\/uploads\/2014\/04\/Haras-Terra-Una-180x180.jpg\" alt=\"Haras Terra Una\" width=\"180\" height=\"180\" srcset=\"https:\/\/terrauna.pt\/wp-content\/uploads\/2014\/04\/Haras-Terra-Una-180x180.jpg 180w, https:\/\/terrauna.pt\/wp-content\/uploads\/2014\/04\/Haras-Terra-Una-450x450.jpg 450w, https:\/\/terrauna.pt\/wp-content\/uploads\/2014\/04\/Haras-Terra-Una-100x100.jpg 100w, https:\/\/terrauna.pt\/wp-content\/uploads\/2014\/04\/Haras-Terra-Una-80x80.jpg 80w, https:\/\/terrauna.pt\/wp-content\/uploads\/2014\/04\/Haras-Terra-Una-36x36.jpg 36w\" sizes=\"auto, (max-width: 180px) 100vw, 180px\" \/><\/a><\/p>\n<\/div><\/section><br \/>\n<div  id=\"av-sc-portfolio-1\"  class=\"av-portfolio-grid-sorting-container\"><div class='sort_width_container  av-sort-yes' data-portfolio-id='1' ><div id='js_sort_items' ><div class='sort_by_cat hidden '><a href=\"#\" data-filter=\"all_sort\" class=\"all_sort_button active_sort\"><span class=\"inner_sort_button\"><span>Tout<\/span><small class=\"av-cat-count\"> 10 <\/small><\/span><\/a><span class='text-sep cavalos-fr_sort_sep'>\/<\/span><a href=\"#\" data-filter=\"cavalos-fr_sort\" class=\"cavalos-fr_sort_button\" ><span class=\"inner_sort_button\"><span>Cavalos<\/span><small class='av-cat-count'> 10 <\/small><\/span><\/a><\/div><\/div><\/div><div  class=' grid-sort-container isotope   no_margin-container with-excerpt-container grid-total-even grid-col-4 grid-links-' data-portfolio-id='1'><div data-ajax-id='3747' class=' grid-entry flex_column isotope-item all_sort no_margin post-entry post-entry-3747 grid-entry-overview grid-loop-1 grid-parity-odd  cavalos-fr_sort  av_one_fourth first default_av_fullwidth '><article class='main_color inner-entry'  itemscope=\"itemscope\" itemtype=\"https:\/\/schema.org\/CreativeWork\" ><a href=\"https:\/\/terrauna.pt\/fr\/portfolio-item\/embaixador\/\" title='Embaixador'  data-rel='grid-1' class='grid-image avia-hover-fx'> <img decoding=\"async\" width=\"260\" height=\"185\" src=\"https:\/\/terrauna.pt\/wp-content\/uploads\/2013\/04\/DSC_5453-260x185.jpg\" class=\"wp-image-3627 avia-img-lazy-loading-not-3627 attachment-portfolio_small size-portfolio_small wp-post-image\" alt=\"\" \/><\/a><div class='grid-content'><div class='avia-arrow'><\/div><header class=\"entry-content-header\"><h3 class='grid-entry-title entry-title '  itemprop=\"headline\" ><a href='https:\/\/terrauna.pt\/fr\/portfolio-item\/embaixador\/' title='Embaixador'>Embaixador<\/a><\/h3><\/header><\/div><footer class=\"entry-footer\"><\/footer><\/article><\/div><div data-ajax-id='3744' class=' grid-entry flex_column isotope-item all_sort no_margin post-entry post-entry-3744 grid-entry-overview grid-loop-2 grid-parity-even  cavalos-fr_sort  av_one_fourth  default_av_fullwidth '><article class='main_color inner-entry'  itemscope=\"itemscope\" itemtype=\"https:\/\/schema.org\/CreativeWork\" ><a href=\"https:\/\/terrauna.pt\/fr\/portfolio-item\/xarope\/\" title='Xarope'  data-rel='grid-1' class='grid-image avia-hover-fx'> <img decoding=\"async\" width=\"260\" height=\"185\" src=\"https:\/\/terrauna.pt\/wp-content\/uploads\/2013\/04\/DSC_5327-260x185.jpg\" class=\"wp-image-3621 avia-img-lazy-loading-not-3621 attachment-portfolio_small size-portfolio_small wp-post-image\" alt=\"\" \/><\/a><div class='grid-content'><div class='avia-arrow'><\/div><header class=\"entry-content-header\"><h3 class='grid-entry-title entry-title '  itemprop=\"headline\" ><a href='https:\/\/terrauna.pt\/fr\/portfolio-item\/xarope\/' title='Xarope'>Xarope<\/a><\/h3><\/header><\/div><footer class=\"entry-footer\"><\/footer><\/article><\/div><div data-ajax-id='3873' class=' grid-entry flex_column isotope-item all_sort no_margin post-entry post-entry-3873 grid-entry-overview grid-loop-3 grid-parity-odd  cavalos-fr_sort  av_one_fourth  default_av_fullwidth '><article class='main_color inner-entry'  itemscope=\"itemscope\" itemtype=\"https:\/\/schema.org\/CreativeWork\" ><a href=\"https:\/\/terrauna.pt\/fr\/portfolio-item\/esporinha-2\/\" title='Esporinha'  data-rel='grid-1' class='grid-image avia-hover-fx'> <img decoding=\"async\" width=\"260\" height=\"185\" src=\"https:\/\/terrauna.pt\/wp-content\/uploads\/2016\/02\/Esporinha-1-260x185.jpg\" class=\"wp-image-4195 avia-img-lazy-loading-not-4195 attachment-portfolio_small size-portfolio_small wp-post-image\" alt=\"\" \/><\/a><div class='grid-content'><div class='avia-arrow'><\/div><header class=\"entry-content-header\"><h3 class='grid-entry-title entry-title '  itemprop=\"headline\" ><a href='https:\/\/terrauna.pt\/fr\/portfolio-item\/esporinha-2\/' title='Esporinha'>Esporinha<\/a><\/h3><\/header><\/div><footer class=\"entry-footer\"><\/footer><\/article><\/div><div data-ajax-id='3882' class=' grid-entry flex_column isotope-item all_sort no_margin post-entry post-entry-3882 grid-entry-overview grid-loop-4 grid-parity-even  cavalos-fr_sort  av_one_fourth  default_av_fullwidth '><article class='main_color inner-entry'  itemscope=\"itemscope\" itemtype=\"https:\/\/schema.org\/CreativeWork\" ><a href=\"https:\/\/terrauna.pt\/fr\/portfolio-item\/dojiga\/\" title='Dojiga'  data-rel='grid-1' class='grid-image avia-hover-fx'> <img decoding=\"async\" width=\"260\" height=\"185\" src=\"https:\/\/terrauna.pt\/wp-content\/uploads\/2016\/02\/Foto_e\u0301gua_Dojiga-260x185.jpg\" class=\"wp-image-3880 avia-img-lazy-loading-not-3880 attachment-portfolio_small size-portfolio_small wp-post-image\" alt=\"\" \/><\/a><div class='grid-content'><div class='avia-arrow'><\/div><header class=\"entry-content-header\"><h3 class='grid-entry-title entry-title '  itemprop=\"headline\" ><a href='https:\/\/terrauna.pt\/fr\/portfolio-item\/dojiga\/' title='Dojiga'>Dojiga<\/a><\/h3><\/header><\/div><footer class=\"entry-footer\"><\/footer><\/article><\/div><div data-ajax-id='3890' class=' grid-entry flex_column isotope-item all_sort no_margin post-entry post-entry-3890 grid-entry-overview grid-loop-5 grid-parity-odd  cavalos-fr_sort  av_one_fourth first default_av_fullwidth '><article class='main_color inner-entry'  itemscope=\"itemscope\" itemtype=\"https:\/\/schema.org\/CreativeWork\" ><a href=\"https:\/\/terrauna.pt\/fr\/portfolio-item\/djamba\/\" title='Djamba'  data-rel='grid-1' class='grid-image avia-hover-fx'> <img decoding=\"async\" width=\"260\" height=\"185\" src=\"https:\/\/terrauna.pt\/wp-content\/uploads\/2016\/02\/Foto_e\u0301gua_Djamba-260x185.jpg\" class=\"wp-image-3887 avia-img-lazy-loading-not-3887 attachment-portfolio_small size-portfolio_small wp-post-image\" alt=\"\" \/><\/a><div class='grid-content'><div class='avia-arrow'><\/div><header class=\"entry-content-header\"><h3 class='grid-entry-title entry-title '  itemprop=\"headline\" ><a href='https:\/\/terrauna.pt\/fr\/portfolio-item\/djamba\/' title='Djamba'>Djamba<\/a><\/h3><\/header><\/div><footer class=\"entry-footer\"><\/footer><\/article><\/div><div data-ajax-id='3899' class=' grid-entry flex_column isotope-item all_sort no_margin post-entry post-entry-3899 grid-entry-overview grid-loop-6 grid-parity-even  cavalos-fr_sort  av_one_fourth  default_av_fullwidth '><article class='main_color inner-entry'  itemscope=\"itemscope\" itemtype=\"https:\/\/schema.org\/CreativeWork\" ><a href=\"https:\/\/terrauna.pt\/fr\/portfolio-item\/volatil\/\" title='Vol\u00e1til'  data-rel='grid-1' class='grid-image avia-hover-fx'> <img decoding=\"async\" width=\"260\" height=\"185\" src=\"https:\/\/terrauna.pt\/wp-content\/uploads\/2016\/02\/Foto_e\u0301gua_Vola\u0301til-260x185.jpg\" class=\"wp-image-3895 avia-img-lazy-loading-not-3895 attachment-portfolio_small size-portfolio_small wp-post-image\" alt=\"\" \/><\/a><div class='grid-content'><div class='avia-arrow'><\/div><header class=\"entry-content-header\"><h3 class='grid-entry-title entry-title '  itemprop=\"headline\" ><a href='https:\/\/terrauna.pt\/fr\/portfolio-item\/volatil\/' title='Vol\u00e1til'>Vol\u00e1til<\/a><\/h3><\/header><\/div><footer class=\"entry-footer\"><\/footer><\/article><\/div><div data-ajax-id='3906' class=' grid-entry flex_column isotope-item all_sort no_margin post-entry post-entry-3906 grid-entry-overview grid-loop-7 grid-parity-odd  cavalos-fr_sort  av_one_fourth  default_av_fullwidth '><article class='main_color inner-entry'  itemscope=\"itemscope\" itemtype=\"https:\/\/schema.org\/CreativeWork\" ><a href=\"https:\/\/terrauna.pt\/fr\/portfolio-item\/fresco\/\" title='Fresco'  data-rel='grid-1' class='grid-image avia-hover-fx'> <img decoding=\"async\" width=\"260\" height=\"185\" src=\"https:\/\/terrauna.pt\/wp-content\/uploads\/2016\/02\/Foto_cavalo_Fresco-260x185.jpg\" class=\"wp-image-3903 avia-img-lazy-loading-not-3903 attachment-portfolio_small size-portfolio_small wp-post-image\" alt=\"\" \/><\/a><div class='grid-content'><div class='avia-arrow'><\/div><header class=\"entry-content-header\"><h3 class='grid-entry-title entry-title '  itemprop=\"headline\" ><a href='https:\/\/terrauna.pt\/fr\/portfolio-item\/fresco\/' title='Fresco'>Fresco<\/a><\/h3><\/header><\/div><footer class=\"entry-footer\"><\/footer><\/article><\/div><div data-ajax-id='3913' class=' grid-entry flex_column isotope-item all_sort no_margin post-entry post-entry-3913 grid-entry-overview grid-loop-8 grid-parity-even  cavalos-fr_sort  av_one_fourth  default_av_fullwidth '><article class='main_color inner-entry'  itemscope=\"itemscope\" itemtype=\"https:\/\/schema.org\/CreativeWork\" ><a href=\"https:\/\/terrauna.pt\/fr\/portfolio-item\/gentil\/\" title='Gentil'  data-rel='grid-1' class='grid-image avia-hover-fx'> <img decoding=\"async\" width=\"260\" height=\"185\" src=\"https:\/\/terrauna.pt\/wp-content\/uploads\/2016\/02\/Foto_cavalo_Gentil-260x185.jpg\" class=\"wp-image-3910 avia-img-lazy-loading-not-3910 attachment-portfolio_small size-portfolio_small wp-post-image\" alt=\"\" \/><\/a><div class='grid-content'><div class='avia-arrow'><\/div><header class=\"entry-content-header\"><h3 class='grid-entry-title entry-title '  itemprop=\"headline\" ><a href='https:\/\/terrauna.pt\/fr\/portfolio-item\/gentil\/' title='Gentil'>Gentil<\/a><\/h3><\/header><\/div><footer class=\"entry-footer\"><\/footer><\/article><\/div><div data-ajax-id='3921' class=' grid-entry flex_column isotope-item all_sort no_margin post-entry post-entry-3921 grid-entry-overview grid-loop-9 grid-parity-odd  cavalos-fr_sort  av_one_fourth first default_av_fullwidth '><article class='main_color inner-entry'  itemscope=\"itemscope\" itemtype=\"https:\/\/schema.org\/CreativeWork\" ><a href=\"https:\/\/terrauna.pt\/fr\/portfolio-item\/jasmim\/\" title='Jasmim'  data-rel='grid-1' class='grid-image avia-hover-fx'> <img decoding=\"async\" width=\"260\" height=\"185\" src=\"https:\/\/terrauna.pt\/wp-content\/uploads\/2016\/02\/Foto_poldro_Jasmim-260x185.jpg\" class=\"wp-image-3918 avia-img-lazy-loading-not-3918 attachment-portfolio_small size-portfolio_small wp-post-image\" alt=\"\" \/><\/a><div class='grid-content'><div class='avia-arrow'><\/div><header class=\"entry-content-header\"><h3 class='grid-entry-title entry-title '  itemprop=\"headline\" ><a href='https:\/\/terrauna.pt\/fr\/portfolio-item\/jasmim\/' title='Jasmim'>Jasmim<\/a><\/h3><\/header><\/div><footer class=\"entry-footer\"><\/footer><\/article><\/div><div data-ajax-id='3928' class=' grid-entry flex_column isotope-item all_sort no_margin post-entry post-entry-3928 grid-entry-overview grid-loop-10 grid-parity-even  post-entry-last  cavalos-fr_sort  av_one_fourth  default_av_fullwidth '><article class='main_color inner-entry'  itemscope=\"itemscope\" itemtype=\"https:\/\/schema.org\/CreativeWork\" ><a href=\"https:\/\/terrauna.pt\/fr\/portfolio-item\/joia\/\" title='J\u00f3ia'  data-rel='grid-1' class='grid-image avia-hover-fx'> <img decoding=\"async\" width=\"260\" height=\"185\" src=\"https:\/\/terrauna.pt\/wp-content\/uploads\/2016\/02\/Foto_poldra_Jo\u0301ia-260x185.jpg\" class=\"wp-image-3925 avia-img-lazy-loading-not-3925 attachment-portfolio_small size-portfolio_small wp-post-image\" alt=\"\" \/><\/a><div class='grid-content'><div class='avia-arrow'><\/div><header class=\"entry-content-header\"><h3 class='grid-entry-title entry-title '  itemprop=\"headline\" ><a href='https:\/\/terrauna.pt\/fr\/portfolio-item\/joia\/' title='J\u00f3ia'>J\u00f3ia<\/a><\/h3><\/header><\/div><footer class=\"entry-footer\"><\/footer><\/article><\/div><\/div><\/div>   <!--   class=\"av-portfolio-grid-sorting-container\"  --><\/p><\/div>\n","protected":false},"excerpt":{"rendered":"","protected":false},"author":1,"featured_media":0,"parent":0,"menu_order":0,"comment_status":"closed","ping_status":"closed","template":"","meta":{"footnotes":""},"class_list":["post-3714","page","type-page","status-publish","hentry"],"_links":{"self":[{"href":"https:\/\/terrauna.pt\/fr\/wp-json\/wp\/v2\/pages\/3714","targetHints":{"allow":["GET"]}}],"collection":[{"href":"https:\/\/terrauna.pt\/fr\/wp-json\/wp\/v2\/pages"}],"about":[{"href":"https:\/\/terrauna.pt\/fr\/wp-json\/wp\/v2\/types\/page"}],"author":[{"embeddable":true,"href":"https:\/\/terrauna.pt\/fr\/wp-json\/wp\/v2\/users\/1"}],"replies":[{"embeddable":true,"href":"https:\/\/terrauna.pt\/fr\/wp-json\/wp\/v2\/comments?post=3714"}],"version-history":[{"count":10,"href":"https:\/\/terrauna.pt\/fr\/wp-json\/wp\/v2\/pages\/3714\/revisions"}],"predecessor-version":[{"id":4206,"href":"https:\/\/terrauna.pt\/fr\/wp-json\/wp\/v2\/pages\/3714\/revisions\/4206"}],"wp:attachment":[{"href":"https:\/\/terrauna.pt\/fr\/wp-json\/wp\/v2\/media?parent=3714"}],"curies":[{"name":"wp","href":"https:\/\/api.w.org\/{rel}","templated":true}]}}