{"id":3720,"date":"2014-04-28T15:53:38","date_gmt":"2014-04-28T14:53:38","guid":{"rendered":"http:\/\/terrauna.pt\/contactos-2\/?lang=fr"},"modified":"2025-01-10T10:08:47","modified_gmt":"2025-01-10T10:08:47","slug":"contactos-2","status":"publish","type":"page","link":"https:\/\/terrauna.pt\/fr\/contactos-2\/","title":{"rendered":"CONTACTS ET LOCALISATION"},"content":{"rendered":"\n\n<style type=\"text\/css\" data-created_by=\"avia_inline_auto\" id=\"style-css-av-oqp708-25ac650356bc823ffdd468fd907c5652\">\n.flex_column.av-oqp708-25ac650356bc823ffdd468fd907c5652{\nborder-radius:0px 0px 0px 0px;\n-webkit-border-radius:0px 0px 0px 0px;\n-moz-border-radius:0px 0px 0px 0px;\n}\n<\/style>\n<div class='flex_column av-oqp708-25ac650356bc823ffdd468fd907c5652 av_one_half  avia-builder-el-1  el_after_av_google_map  el_before_av_one_half  avia-builder-el-first  first no_margin flex_column_div av-zero-column-padding '   ><p>\n<style type=\"text\/css\" data-created_by=\"avia_inline_auto\" id=\"style-css-av-2aewfc-1698b12c22c94274f3b492cd0d9e3e01\">\n.iconbox.av-2aewfc-1698b12c22c94274f3b492cd0d9e3e01 .iconbox_icon{\nbackground-color:#376543;\ncolor:#ffffff;\n}\n<\/style>\n<article  class=\"iconbox iconbox_left_content av-2aewfc-1698b12c22c94274f3b492cd0d9e3e01  avia-builder-el-2  el_before_av_hr  avia-builder-el-first  \"  itemscope=\"itemscope\" itemtype=\"https:\/\/schema.org\/CreativeWork\" ><div class=\"iconbox_icon heading-color\" aria-hidden='true' data-av_icon='\ue821' data-av_iconfont='entypo-fontello'><\/div><div class=\"iconbox_content\"><header class=\"entry-content-header\"><h3 class='iconbox_content_title  '  itemprop=\"headline\" >Adresse<\/h3><\/header><div class='iconbox_content_container  '  itemprop=\"text\" ><p>Quinta de S\u00e3o Br\u00e1s, Serra do Louro, 2950-354 Palmela, PORTUGAL<\/p>\n<\/div><\/div><footer class=\"entry-footer\"><\/footer><\/article><br \/>\n\n<style type=\"text\/css\" data-created_by=\"avia_inline_auto\" id=\"style-css-av-7auqw-f420d544c1eec8e82631c37927d5f68e\">\n#top .hr.hr-invisible.av-7auqw-f420d544c1eec8e82631c37927d5f68e{\nheight:20px;\n}\n<\/style>\n<div  class='hr av-7auqw-f420d544c1eec8e82631c37927d5f68e hr-invisible  avia-builder-el-3  el_after_av_icon_box  el_before_av_icon_box  '><span class='hr-inner '><span class=\"hr-inner-style\"><\/span><\/span><\/div><br \/>\n\n<style type=\"text\/css\" data-created_by=\"avia_inline_auto\" id=\"style-css-av-ji6aaw-ad348b8104a801da872557da28ac741c\">\n.iconbox.av-ji6aaw-ad348b8104a801da872557da28ac741c .iconbox_icon{\nbackground-color:#376543;\ncolor:#ffffff;\n}\n<\/style>\n<article  class=\"iconbox iconbox_left_content av-ji6aaw-ad348b8104a801da872557da28ac741c  avia-builder-el-4  el_after_av_hr  el_before_av_hr  \"  itemscope=\"itemscope\" itemtype=\"https:\/\/schema.org\/CreativeWork\" ><div class=\"iconbox_icon heading-color\" aria-hidden='true' data-av_icon='\ue854' data-av_iconfont='entypo-fontello'><\/div><div class=\"iconbox_content\"><header class=\"entry-content-header\"><h3 class='iconbox_content_title  '  itemprop=\"headline\" >T\u00e9l\u00e9phone<\/h3><\/header><div class='iconbox_content_container  '  itemprop=\"text\" ><p>(+351) 212 333 019<\/p>\n<\/div><\/div><footer class=\"entry-footer\"><\/footer><\/article><br \/>\n\n<style type=\"text\/css\" data-created_by=\"avia_inline_auto\" id=\"style-css-av-h4dq14-fb41cc9f626d1bb94c4393d4cf0c7b95\">\n#top .hr.hr-invisible.av-h4dq14-fb41cc9f626d1bb94c4393d4cf0c7b95{\nheight:20px;\n}\n<\/style>\n<div  class='hr av-h4dq14-fb41cc9f626d1bb94c4393d4cf0c7b95 hr-invisible  avia-builder-el-5  el_after_av_icon_box  el_before_av_icon_box  '><span class='hr-inner '><span class=\"hr-inner-style\"><\/span><\/span><\/div><br \/>\n\n<style type=\"text\/css\" data-created_by=\"avia_inline_auto\" id=\"style-css-av-f83y3c-f685e9d924ad4afd360ca396f62ab430\">\n.iconbox.av-f83y3c-f685e9d924ad4afd360ca396f62ab430 .iconbox_icon{\nbackground-color:#376543;\ncolor:#ffffff;\n}\n<\/style>\n<article  class=\"iconbox iconbox_left_content av-f83y3c-f685e9d924ad4afd360ca396f62ab430  avia-builder-el-6  el_after_av_hr  el_before_av_hr  \"  itemscope=\"itemscope\" itemtype=\"https:\/\/schema.org\/CreativeWork\" ><div class=\"iconbox_icon heading-color\" aria-hidden='true' data-av_icon='\ue839' data-av_iconfont='entypo-fontello'><\/div><div class=\"iconbox_content\"><header class=\"entry-content-header\"><h3 class='iconbox_content_title  '  itemprop=\"headline\" >Fax<\/h3><\/header><div class='iconbox_content_container  '  itemprop=\"text\" ><p>(+351) 212 351 299<\/p>\n<\/div><\/div><footer class=\"entry-footer\"><\/footer><\/article><br \/>\n\n<style type=\"text\/css\" data-created_by=\"avia_inline_auto\" id=\"style-css-av-1dsch4-dfa56ec3d8ed783c79ee9a52ca9a8962\">\n#top .hr.hr-invisible.av-1dsch4-dfa56ec3d8ed783c79ee9a52ca9a8962{\nheight:20px;\n}\n<\/style>\n<div  class='hr av-1dsch4-dfa56ec3d8ed783c79ee9a52ca9a8962 hr-invisible  avia-builder-el-7  el_after_av_icon_box  el_before_av_icon_box  '><span class='hr-inner '><span class=\"hr-inner-style\"><\/span><\/span><\/div><br \/>\n\n<style type=\"text\/css\" data-created_by=\"avia_inline_auto\" id=\"style-css-av-clnyeg-136bbffd5b61bf7dbec7ed9ed01a0708\">\n.iconbox.av-clnyeg-136bbffd5b61bf7dbec7ed9ed01a0708 .iconbox_icon{\nbackground-color:#376543;\ncolor:#ffffff;\n}\n<\/style>\n<article  class=\"iconbox iconbox_left_content av-clnyeg-136bbffd5b61bf7dbec7ed9ed01a0708  avia-builder-el-8  el_after_av_hr  avia-builder-el-last  \"  itemscope=\"itemscope\" itemtype=\"https:\/\/schema.org\/CreativeWork\" ><div class=\"iconbox_icon heading-color\" aria-hidden='true' data-av_icon='\ue805' data-av_iconfont='entypo-fontello'><\/div><div class=\"iconbox_content\"><header class=\"entry-content-header\"><h3 class='iconbox_content_title  '  itemprop=\"headline\" >Email<\/h3><\/header><div class='iconbox_content_container  '  itemprop=\"text\" ><p><a href=\"mailto:frescata@biosani.com\">frescata@biosani.com<\/a><\/p>\n<\/div><\/div><footer class=\"entry-footer\"><\/footer><\/article><\/p><\/div>\n\n<style type=\"text\/css\" data-created_by=\"avia_inline_auto\" id=\"style-css-av-10yo3s-1c340b637b1a8ef816f90dc17c1e765c\">\n.flex_column.av-10yo3s-1c340b637b1a8ef816f90dc17c1e765c{\nborder-radius:0px 0px 0px 0px;\n-webkit-border-radius:0px 0px 0px 0px;\n-moz-border-radius:0px 0px 0px 0px;\n}\n<\/style>\n<div class='flex_column av-10yo3s-1c340b637b1a8ef816f90dc17c1e765c av_one_half  avia-builder-el-9  el_after_av_one_half  avia-builder-el-last  no_margin flex_column_div av-zero-column-padding '   ><p>\n<style type=\"text\/css\" data-created_by=\"avia_inline_auto\" id=\"style-css-av-8speeg-1eb6983b6d7d81c936736d6e737ceb56\">\n#top .av-special-heading.av-8speeg-1eb6983b6d7d81c936736d6e737ceb56{\npadding-bottom:10px;\n}\n<\/style>\n<div  class='av-special-heading av-8speeg-1eb6983b6d7d81c936736d6e737ceb56 av-special-heading-h2  avia-builder-el-10  el_before_av_textblock  avia-builder-el-first  '><h2 class='av-special-heading-tag '  itemprop=\"headline\"  >CONTACTEZ-NOUS !<\/h2><div class='special-heading-border'><div class='special-heading-inner-border'><\/div><\/div><\/div><br \/>\n<section class=\"av_textblock_section \"  itemscope=\"itemscope\" itemtype=\"https:\/\/schema.org\/CreativeWork\" ><div class='avia_textblock  '   itemprop=\"text\" ><p>Pour toute information suppl\u00e9mentaire, n&rsquo;h\u00e9sitez-pas \u00e0 prendre contact avec notre \u00e9quipe de professionnels en remplissant ce formulaire ou \u00e0 travers les contacts mis \u00e0 votre disposition.<\/p>\n<\/div><\/section><br \/>\n<form action=\"https:\/\/terrauna.pt\/fr\/contactos-2\/\" method=\"post\"  class=\"avia_ajax_form av-form-labels-visible   avia-builder-el-12  el_after_av_textblock  avia-builder-el-last   \" data-avia-form-id=\"1\" data-avia-redirect='' ><fieldset><p class='  first_form  form_element form_fullwidth' id='element_avia_1_1'><label for=\"avia_1_1\">Votre nom <abbr class=\"required\" title=\"requis(e)\">*<\/abbr><\/label> <input name=\"avia_1_1\" class=\"text_input is_empty\" type=\"text\" id=\"avia_1_1\" value=\"\" \/><\/p><p class='  first_form  form_element form_fullwidth' id='element_avia_2_1'><label for=\"avia_2_1\">Votre email <abbr class=\"required\" title=\"requis(e)\">*<\/abbr><\/label> <input name=\"avia_2_1\" class=\"text_input is_email\" type=\"text\" id=\"avia_2_1\" value=\"\" \/><\/p><p class='  first_form  form_element form_fullwidth av-last-visible-form-element' id='element_avia_3_1'><label for=\"avia_3_1\" class=\"textare_label hidden textare_label_avia_3_1\">Votre message <abbr class=\"required\" title=\"requis(e)\">*<\/abbr><\/label><textarea  name=\"avia_3_1\" class=\"text_area is_empty\" cols=\"40\" rows=\"7\" id=\"avia_3_1\" ><\/textarea><\/p><p class=\"hidden\"><input type=\"text\" name=\"avia_4_1\" class=\"hidden \" id=\"avia_4_1\" value=\"\" \/><\/p><p class=\"form_element \"><input type=\"hidden\" value=\"1\" name=\"avia_generated_form1\" \/><input type=\"submit\" value=\"Envoy\u00e9\" class=\"button\"  data-sending-label=\"Envoi\"\/><\/p><\/fieldset><\/form><div id=\"ajaxresponse_1\" class=\"ajaxresponse ajaxresponse_1 hidden\"><\/div><\/p><\/div>\n","protected":false},"excerpt":{"rendered":"","protected":false},"author":1,"featured_media":0,"parent":0,"menu_order":0,"comment_status":"closed","ping_status":"closed","template":"","meta":{"footnotes":""},"class_list":["post-3720","page","type-page","status-publish","hentry"],"_links":{"self":[{"href":"https:\/\/terrauna.pt\/fr\/wp-json\/wp\/v2\/pages\/3720","targetHints":{"allow":["GET"]}}],"collection":[{"href":"https:\/\/terrauna.pt\/fr\/wp-json\/wp\/v2\/pages"}],"about":[{"href":"https:\/\/terrauna.pt\/fr\/wp-json\/wp\/v2\/types\/page"}],"author":[{"embeddable":true,"href":"https:\/\/terrauna.pt\/fr\/wp-json\/wp\/v2\/users\/1"}],"replies":[{"embeddable":true,"href":"https:\/\/terrauna.pt\/fr\/wp-json\/wp\/v2\/comments?post=3720"}],"version-history":[{"count":19,"href":"https:\/\/terrauna.pt\/fr\/wp-json\/wp\/v2\/pages\/3720\/revisions"}],"predecessor-version":[{"id":83016,"href":"https:\/\/terrauna.pt\/fr\/wp-json\/wp\/v2\/pages\/3720\/revisions\/83016"}],"wp:attachment":[{"href":"https:\/\/terrauna.pt\/fr\/wp-json\/wp\/v2\/media?parent=3720"}],"curies":[{"name":"wp","href":"https:\/\/api.w.org\/{rel}","templated":true}]}}